{"id":17610,"date":"2013-08-11T08:09:04","date_gmt":"2013-08-11T08:09:04","guid":{"rendered":"https:\/\/armeniantrip.com\/%d1%82%d1%83%d1%80%d1%8b-%d0%b2-%d0%b0%d1%80%d0%bc%d0%b5%d0%bd%d0%b8%d1%8e-2\/"},"modified":"2024-05-31T21:07:49","modified_gmt":"2024-05-31T17:07:49","slug":"wycieczki-do-armenii-2","status":"publish","type":"page","link":"https:\/\/armeniantrip.com\/pl\/","title":{"rendered":"Wycieczki do Armenii"},"content":{"rendered":"<h1 style=\"text-align: center;\">Wycieczki do Armenii 2024 \/ 2025<\/h1>\n<h4>Wybierz wycieczki do Armenii 2024 \/ 2025<\/h4>\n\n\n<p><\/p>\n","protected":false},"excerpt":{"rendered":"<p>Wycieczki do Armenii 2024 \/ 2025 Wybierz wycieczki do Armenii 2024 \/ 2025<\/p>\n","protected":false},"author":2,"featured_media":17611,"parent":0,"menu_order":0,"comment_status":"closed","ping_status":"closed","template":"","meta":{"footnotes":""},"class_list":["post-17610","page","type-page","status-publish","has-post-thumbnail","hentry"],"yoast_head":"<!-- This site is optimized with the Yoast SEO plugin v27.2 - https:\/\/yoast.com\/product\/yoast-seo-wordpress\/ -->\n<title>Wycieczki do Armenii 2023 \/ 2024, nizkie ceny. Kompleksowa obs\u0142uga.<\/title>\n<meta name=\"description\" content=\"Wycieczki do Armenii 2023 \/ 2024 w najlepszej cenie. Rabat do 20%. Najwi\u0119nkszy wyb\u00f3r niedrogich wycieczek bezpo\u015brednio od organizator\u00f3w. Zam\u00f3wi\u0107 wycieczk\u0119!\" \/>\n<meta name=\"robots\" content=\"index, follow, max-snippet:-1, max-image-preview:large, max-video-preview:-1\" \/>\n<link rel=\"canonical\" href=\"https:\/\/armeniantrip.com\/pl\/\" \/>\n<meta property=\"og:locale\" content=\"pl_PL\" \/>\n<meta property=\"og:type\" content=\"article\" \/>\n<meta property=\"og:title\" content=\"Wycieczki do Armenii 2023 \/ 2024, nizkie ceny. Kompleksowa obs\u0142uga.\" \/>\n<meta property=\"og:description\" content=\"Wycieczki do Armenii 2023 \/ 2024 w najlepszej cenie. Rabat do 20%. Najwi\u0119nkszy wyb\u00f3r niedrogich wycieczek bezpo\u015brednio od organizator\u00f3w. Zam\u00f3wi\u0107 wycieczk\u0119!\" \/>\n<meta property=\"og:url\" content=\"https:\/\/armeniantrip.com\/pl\/\" \/>\n<meta property=\"article:publisher\" content=\"https:\/\/www.facebook.com\/armeniantrip\/\" \/>\n<meta property=\"article:modified_time\" content=\"2024-05-31T17:07:49+00:00\" \/>\n<meta property=\"og:image\" content=\"https:\/\/armeniantrip.com\/wp-content\/uploads\/2013\/08\/Noravank-monast.jpg\" \/>\n\t<meta property=\"og:image:width\" content=\"900\" \/>\n\t<meta property=\"og:image:height\" content=\"600\" \/>\n\t<meta property=\"og:image:type\" content=\"image\/jpeg\" \/>\n<meta name=\"twitter:card\" content=\"summary_large_image\" \/>\n<meta name=\"twitter:site\" content=\"@armeniantrip\" \/>\n<meta name=\"twitter:label1\" content=\"Szacowany czas czytania\" \/>\n\t<meta name=\"twitter:data1\" content=\"1 minuta\" \/>\n<script type=\"application\/ld+json\" class=\"yoast-schema-graph\">{\"@context\":\"https:\/\/schema.org\",\"@graph\":[{\"@type\":\"WebPage\",\"@id\":\"https:\/\/armeniantrip.com\/pl\/\",\"url\":\"https:\/\/armeniantrip.com\/pl\/\",\"name\":\"Wycieczki do Armenii 2023 \/ 2024, nizkie ceny. Kompleksowa obs\u0142uga.\",\"isPartOf\":{\"@id\":\"https:\/\/armeniantrip.com\/#website\"},\"primaryImageOfPage\":{\"@id\":\"https:\/\/armeniantrip.com\/pl\/#primaryimage\"},\"image\":{\"@id\":\"https:\/\/armeniantrip.com\/pl\/#primaryimage\"},\"thumbnailUrl\":\"https:\/\/armeniantrip.com\/wp-content\/uploads\/2013\/08\/Noravank-monast.jpg\",\"datePublished\":\"2013-08-11T08:09:04+00:00\",\"dateModified\":\"2024-05-31T17:07:49+00:00\",\"description\":\"Wycieczki do Armenii 2023 \/ 2024 w najlepszej cenie. Rabat do 20%. Najwi\u0119nkszy wyb\u00f3r niedrogich wycieczek bezpo\u015brednio od organizator\u00f3w. Zam\u00f3wi\u0107 wycieczk\u0119!\",\"breadcrumb\":{\"@id\":\"https:\/\/armeniantrip.com\/pl\/#breadcrumb\"},\"inLanguage\":\"pl-PL\",\"potentialAction\":[{\"@type\":\"ReadAction\",\"target\":[\"https:\/\/armeniantrip.com\/pl\/\"]}]},{\"@type\":\"ImageObject\",\"inLanguage\":\"pl-PL\",\"@id\":\"https:\/\/armeniantrip.com\/pl\/#primaryimage\",\"url\":\"https:\/\/armeniantrip.com\/wp-content\/uploads\/2013\/08\/Noravank-monast.jpg\",\"contentUrl\":\"https:\/\/armeniantrip.com\/wp-content\/uploads\/2013\/08\/Noravank-monast.jpg\",\"width\":900,\"height\":600},{\"@type\":\"BreadcrumbList\",\"@id\":\"https:\/\/armeniantrip.com\/pl\/#breadcrumb\",\"itemListElement\":[{\"@type\":\"ListItem\",\"position\":1,\"name\":\"Home\",\"item\":\"https:\/\/armeniantrip.com\/pl\/\"},{\"@type\":\"ListItem\",\"position\":2,\"name\":\"Wycieczki do Armenii\"}]},{\"@type\":\"WebSite\",\"@id\":\"https:\/\/armeniantrip.com\/#website\",\"url\":\"https:\/\/armeniantrip.com\/\",\"name\":\"\",\"description\":\"\",\"potentialAction\":[{\"@type\":\"SearchAction\",\"target\":{\"@type\":\"EntryPoint\",\"urlTemplate\":\"https:\/\/armeniantrip.com\/?s={search_term_string}\"},\"query-input\":{\"@type\":\"PropertyValueSpecification\",\"valueRequired\":true,\"valueName\":\"search_term_string\"}}],\"inLanguage\":\"pl-PL\"}]}<\/script>\n<!-- \/ Yoast SEO plugin. -->","yoast_head_json":{"title":"Wycieczki do Armenii 2023 \/ 2024, nizkie ceny. Kompleksowa obs\u0142uga.","description":"Wycieczki do Armenii 2023 \/ 2024 w najlepszej cenie. Rabat do 20%. Najwi\u0119nkszy wyb\u00f3r niedrogich wycieczek bezpo\u015brednio od organizator\u00f3w. Zam\u00f3wi\u0107 wycieczk\u0119!","robots":{"index":"index","follow":"follow","max-snippet":"max-snippet:-1","max-image-preview":"max-image-preview:large","max-video-preview":"max-video-preview:-1"},"canonical":"https:\/\/armeniantrip.com\/pl\/","og_locale":"pl_PL","og_type":"article","og_title":"Wycieczki do Armenii 2023 \/ 2024, nizkie ceny. Kompleksowa obs\u0142uga.","og_description":"Wycieczki do Armenii 2023 \/ 2024 w najlepszej cenie. Rabat do 20%. Najwi\u0119nkszy wyb\u00f3r niedrogich wycieczek bezpo\u015brednio od organizator\u00f3w. Zam\u00f3wi\u0107 wycieczk\u0119!","og_url":"https:\/\/armeniantrip.com\/pl\/","article_publisher":"https:\/\/www.facebook.com\/armeniantrip\/","article_modified_time":"2024-05-31T17:07:49+00:00","og_image":[{"width":900,"height":600,"url":"https:\/\/armeniantrip.com\/wp-content\/uploads\/2013\/08\/Noravank-monast.jpg","type":"image\/jpeg"}],"twitter_card":"summary_large_image","twitter_site":"@armeniantrip","twitter_misc":{"Szacowany czas czytania":"1 minuta"},"schema":{"@context":"https:\/\/schema.org","@graph":[{"@type":"WebPage","@id":"https:\/\/armeniantrip.com\/pl\/","url":"https:\/\/armeniantrip.com\/pl\/","name":"Wycieczki do Armenii 2023 \/ 2024, nizkie ceny. Kompleksowa obs\u0142uga.","isPartOf":{"@id":"https:\/\/armeniantrip.com\/#website"},"primaryImageOfPage":{"@id":"https:\/\/armeniantrip.com\/pl\/#primaryimage"},"image":{"@id":"https:\/\/armeniantrip.com\/pl\/#primaryimage"},"thumbnailUrl":"https:\/\/armeniantrip.com\/wp-content\/uploads\/2013\/08\/Noravank-monast.jpg","datePublished":"2013-08-11T08:09:04+00:00","dateModified":"2024-05-31T17:07:49+00:00","description":"Wycieczki do Armenii 2023 \/ 2024 w najlepszej cenie. Rabat do 20%. Najwi\u0119nkszy wyb\u00f3r niedrogich wycieczek bezpo\u015brednio od organizator\u00f3w. Zam\u00f3wi\u0107 wycieczk\u0119!","breadcrumb":{"@id":"https:\/\/armeniantrip.com\/pl\/#breadcrumb"},"inLanguage":"pl-PL","potentialAction":[{"@type":"ReadAction","target":["https:\/\/armeniantrip.com\/pl\/"]}]},{"@type":"ImageObject","inLanguage":"pl-PL","@id":"https:\/\/armeniantrip.com\/pl\/#primaryimage","url":"https:\/\/armeniantrip.com\/wp-content\/uploads\/2013\/08\/Noravank-monast.jpg","contentUrl":"https:\/\/armeniantrip.com\/wp-content\/uploads\/2013\/08\/Noravank-monast.jpg","width":900,"height":600},{"@type":"BreadcrumbList","@id":"https:\/\/armeniantrip.com\/pl\/#breadcrumb","itemListElement":[{"@type":"ListItem","position":1,"name":"Home","item":"https:\/\/armeniantrip.com\/pl\/"},{"@type":"ListItem","position":2,"name":"Wycieczki do Armenii"}]},{"@type":"WebSite","@id":"https:\/\/armeniantrip.com\/#website","url":"https:\/\/armeniantrip.com\/","name":"","description":"","potentialAction":[{"@type":"SearchAction","target":{"@type":"EntryPoint","urlTemplate":"https:\/\/armeniantrip.com\/?s={search_term_string}"},"query-input":{"@type":"PropertyValueSpecification","valueRequired":true,"valueName":"search_term_string"}}],"inLanguage":"pl-PL"}]}},"_links":{"self":[{"href":"https:\/\/armeniantrip.com\/pl\/wp-json\/wp\/v2\/pages\/17610","targetHints":{"allow":["GET"]}}],"collection":[{"href":"https:\/\/armeniantrip.com\/pl\/wp-json\/wp\/v2\/pages"}],"about":[{"href":"https:\/\/armeniantrip.com\/pl\/wp-json\/wp\/v2\/types\/page"}],"author":[{"embeddable":true,"href":"https:\/\/armeniantrip.com\/pl\/wp-json\/wp\/v2\/users\/2"}],"replies":[{"embeddable":true,"href":"https:\/\/armeniantrip.com\/pl\/wp-json\/wp\/v2\/comments?post=17610"}],"version-history":[{"count":4,"href":"https:\/\/armeniantrip.com\/pl\/wp-json\/wp\/v2\/pages\/17610\/revisions"}],"predecessor-version":[{"id":18978,"href":"https:\/\/armeniantrip.com\/pl\/wp-json\/wp\/v2\/pages\/17610\/revisions\/18978"}],"wp:featuredmedia":[{"embeddable":true,"href":"https:\/\/armeniantrip.com\/pl\/wp-json\/wp\/v2\/media\/17611"}],"wp:attachment":[{"href":"https:\/\/armeniantrip.com\/pl\/wp-json\/wp\/v2\/media?parent=17610"}],"curies":[{"name":"wp","href":"https:\/\/api.w.org\/{rel}","templated":true}]}}