{"id":18206,"date":"2016-02-16T16:35:19","date_gmt":"2016-02-16T16:35:19","guid":{"rendered":"https:\/\/armeniantrip.com\/tours-armenia\/"},"modified":"2023-08-25T00:10:55","modified_gmt":"2023-08-24T20:10:55","slug":"wycieczki-do-armenii","status":"publish","type":"page","link":"https:\/\/armeniantrip.com\/pl\/wycieczki-do-armenii\/","title":{"rendered":"Wycieczki do Armenii"},"content":{"rendered":"<h2 style=\"text-align: center;\">Wycieczki do Armenii<\/h2>\n<h4 style=\"text-align: center;\">Wycieczki do Armenii&nbsp; will give you the opportunity to get acquainted with all beauties and attractions of the country. During your tours in Armenia you will see the ancient land that has retained its historic heritage, meet its unique culture. You will visit the most ancient places in the history of mankind such as one of the ancient cities in the world \u2013 Yerevan will celebrate its 2800-th anniversary in 2018, the oldest wine-making facility made about 6,000 years ago, the oldest leather shoe in the world, the longest ropeway in the world, the oldest observatory in the history of mankind called Zorats Karer (Armenian Stonehenge) and many other ancient sights.<\/h4>\n<div class=\"clear\" style=\" height:1px;\" ><\/div>\n<h3 class=\"social-share-title\">Social Share<\/h3>\n<div class=\"social-shares\"><ul>\t\t\t<li>\r\n\t\t\t\t<a href=\"http:\/\/www.facebook.com\/share.php?u=https:\/\/armeniantrip.com\/pl\/wp-json\/wp\/v2\/pages\/18206\" rel=\"nofollow\" target=\"_blank\">\r\n\t\t\t\t\t<img loading=\"lazy\" decoding=\"async\" class=\"no-preload\" src=\"https:\/\/armeniantrip.com\/wp-content\/themes\/tourpackage\/images\/icon\/social-icon-m\/facebook.png\" alt=\"armeniantrip\" width=\"32\" height=\"32\"\/>\r\n\t\t\t\t<\/a>\r\n\t\t\t<\/li>\r\n\t\t\t\t\t\t<li>\r\n\t\t\t\t<a href=\"http:\/\/vk.com\/share.php?url=https:\/\/armeniantrip.com\/pl\/wp-json\/wp\/v2\/pages\/18206\" rel=\"nofollow\" target=\"_blank\">\r\n\t\t\t\t\t<img loading=\"lazy\" decoding=\"async\" class=\"no-preload\" src=\"https:\/\/armeniantrip.com\/wp-content\/themes\/tourpackage\/images\/icon\/social-icon-m\/vk.png\" alt=\"armeniantrip\" width=\"32\" height=\"32\" \/>\r\n\t\t\t\t<\/a>\r\n\t\t\t<\/li>\r\n\t\t\t\t\t\t<li>\r\n\t\t\t\t<a href=\"http:\/\/twitter.com\/share?url=https:\/\/armeniantrip.com\/pl\/wp-json\/wp\/v2\/pages\/18206\" rel=\"nofollow\" target=\"_blank\">\r\n\t\t\t\t\t<img loading=\"lazy\" decoding=\"async\" class=\"no-preload\" src=\"https:\/\/armeniantrip.com\/wp-content\/themes\/tourpackage\/images\/icon\/social-icon-m\/twitter.png\" alt=\"armeniantrip\" width=\"32\" height=\"32\" \/>\r\n\t\t\t\t<\/a>\r\n\t\t\t<\/li>\r\n\t\t\t<\/ul><\/div>\n","protected":false},"excerpt":{"rendered":"<p>Wycieczki do Armenii Wycieczki do Armenii&nbsp; will give you the opportunity to get acquainted with all beauties and attractions of the country. During your tours in Armenia you will see the ancient land that has retained its historic heritage, meet its unique culture. You will visit the most ancient places in the history of mankind such as one of the ancient cities in the world \u2013 Yerevan will celebrate its 2800-th anniversary in 2018, the oldest wine-making facility made about 6,000 years ago, the oldest leather shoe in the world, the longest ropeway in the world, the oldest observatory in the history of mankind called Zorats Karer (Armenian Stonehenge) and many other ancient sights. Social Share<\/p>\n","protected":false},"author":2,"featured_media":18207,"parent":0,"menu_order":0,"comment_status":"closed","ping_status":"closed","template":"","meta":{"footnotes":""},"class_list":["post-18206","page","type-page","status-publish","has-post-thumbnail","hentry"],"yoast_head":"<!-- This site is optimized with the Yoast SEO plugin v27.2 - https:\/\/yoast.com\/product\/yoast-seo-wordpress\/ -->\n<title>Wycieczki do Armenii - Armenian Trip<\/title>\n<meta name=\"description\" content=\"Wycieczki do Armenii dadz\u0105 Ci mo\u017cliwo\u015b\u0107 zapoznania si\u0119 ze wszystkimi pi\u0119kno\u015bciami i atrakcjami tego kraju. Hotele, zwiedzanie i rozrywka.\" \/>\n<meta name=\"robots\" content=\"index, follow, max-snippet:-1, max-image-preview:large, max-video-preview:-1\" \/>\n<link rel=\"canonical\" href=\"https:\/\/armeniantrip.com\/pl\/wycieczki-do-armenii\/\" \/>\n<meta property=\"og:locale\" content=\"pl_PL\" \/>\n<meta property=\"og:type\" content=\"article\" \/>\n<meta property=\"og:title\" content=\"Wycieczki do Armenii - Armenian Trip\" \/>\n<meta property=\"og:description\" content=\"Wycieczki do Armenii dadz\u0105 Ci mo\u017cliwo\u015b\u0107 zapoznania si\u0119 ze wszystkimi pi\u0119kno\u015bciami i atrakcjami tego kraju. Hotele, zwiedzanie i rozrywka.\" \/>\n<meta property=\"og:url\" content=\"https:\/\/armeniantrip.com\/pl\/wycieczki-do-armenii\/\" \/>\n<meta property=\"article:publisher\" content=\"https:\/\/www.facebook.com\/armeniantrip\/\" \/>\n<meta property=\"article:modified_time\" content=\"2023-08-24T20:10:55+00:00\" \/>\n<meta property=\"og:image\" content=\"https:\/\/armeniantrip.com\/wp-content\/uploads\/2016\/02\/Garni-english.jpg\" \/>\n\t<meta property=\"og:image:width\" content=\"900\" \/>\n\t<meta property=\"og:image:height\" content=\"506\" \/>\n\t<meta property=\"og:image:type\" content=\"image\/jpeg\" \/>\n<meta name=\"twitter:card\" content=\"summary_large_image\" \/>\n<meta name=\"twitter:site\" content=\"@armeniantrip\" \/>\n<meta name=\"twitter:label1\" content=\"Szacowany czas czytania\" \/>\n\t<meta name=\"twitter:data1\" content=\"1 minuta\" \/>\n<script type=\"application\/ld+json\" class=\"yoast-schema-graph\">{\"@context\":\"https:\/\/schema.org\",\"@graph\":[{\"@type\":\"WebPage\",\"@id\":\"https:\/\/armeniantrip.com\/pl\/wycieczki-do-armenii\/\",\"url\":\"https:\/\/armeniantrip.com\/pl\/wycieczki-do-armenii\/\",\"name\":\"Wycieczki do Armenii - Armenian Trip\",\"isPartOf\":{\"@id\":\"https:\/\/armeniantrip.com\/#website\"},\"primaryImageOfPage\":{\"@id\":\"https:\/\/armeniantrip.com\/pl\/wycieczki-do-armenii\/#primaryimage\"},\"image\":{\"@id\":\"https:\/\/armeniantrip.com\/pl\/wycieczki-do-armenii\/#primaryimage\"},\"thumbnailUrl\":\"https:\/\/armeniantrip.com\/wp-content\/uploads\/2016\/02\/Garni-english.jpg\",\"datePublished\":\"2016-02-16T16:35:19+00:00\",\"dateModified\":\"2023-08-24T20:10:55+00:00\",\"description\":\"Wycieczki do Armenii dadz\u0105 Ci mo\u017cliwo\u015b\u0107 zapoznania si\u0119 ze wszystkimi pi\u0119kno\u015bciami i atrakcjami tego kraju. Hotele, zwiedzanie i rozrywka.\",\"breadcrumb\":{\"@id\":\"https:\/\/armeniantrip.com\/pl\/wycieczki-do-armenii\/#breadcrumb\"},\"inLanguage\":\"pl-PL\",\"potentialAction\":[{\"@type\":\"ReadAction\",\"target\":[\"https:\/\/armeniantrip.com\/pl\/wycieczki-do-armenii\/\"]}]},{\"@type\":\"ImageObject\",\"inLanguage\":\"pl-PL\",\"@id\":\"https:\/\/armeniantrip.com\/pl\/wycieczki-do-armenii\/#primaryimage\",\"url\":\"https:\/\/armeniantrip.com\/wp-content\/uploads\/2016\/02\/Garni-english.jpg\",\"contentUrl\":\"https:\/\/armeniantrip.com\/wp-content\/uploads\/2016\/02\/Garni-english.jpg\",\"width\":900,\"height\":506,\"caption\":\"Armenia travel packages\"},{\"@type\":\"BreadcrumbList\",\"@id\":\"https:\/\/armeniantrip.com\/pl\/wycieczki-do-armenii\/#breadcrumb\",\"itemListElement\":[{\"@type\":\"ListItem\",\"position\":1,\"name\":\"Home\",\"item\":\"https:\/\/armeniantrip.com\/pl\/\"},{\"@type\":\"ListItem\",\"position\":2,\"name\":\"Wycieczki do Armenii\"}]},{\"@type\":\"WebSite\",\"@id\":\"https:\/\/armeniantrip.com\/#website\",\"url\":\"https:\/\/armeniantrip.com\/\",\"name\":\"\",\"description\":\"\",\"potentialAction\":[{\"@type\":\"SearchAction\",\"target\":{\"@type\":\"EntryPoint\",\"urlTemplate\":\"https:\/\/armeniantrip.com\/?s={search_term_string}\"},\"query-input\":{\"@type\":\"PropertyValueSpecification\",\"valueRequired\":true,\"valueName\":\"search_term_string\"}}],\"inLanguage\":\"pl-PL\"}]}<\/script>\n<!-- \/ Yoast SEO plugin. -->","yoast_head_json":{"title":"Wycieczki do Armenii - Armenian Trip","description":"Wycieczki do Armenii dadz\u0105 Ci mo\u017cliwo\u015b\u0107 zapoznania si\u0119 ze wszystkimi pi\u0119kno\u015bciami i atrakcjami tego kraju. Hotele, zwiedzanie i rozrywka.","robots":{"index":"index","follow":"follow","max-snippet":"max-snippet:-1","max-image-preview":"max-image-preview:large","max-video-preview":"max-video-preview:-1"},"canonical":"https:\/\/armeniantrip.com\/pl\/wycieczki-do-armenii\/","og_locale":"pl_PL","og_type":"article","og_title":"Wycieczki do Armenii - Armenian Trip","og_description":"Wycieczki do Armenii dadz\u0105 Ci mo\u017cliwo\u015b\u0107 zapoznania si\u0119 ze wszystkimi pi\u0119kno\u015bciami i atrakcjami tego kraju. Hotele, zwiedzanie i rozrywka.","og_url":"https:\/\/armeniantrip.com\/pl\/wycieczki-do-armenii\/","article_publisher":"https:\/\/www.facebook.com\/armeniantrip\/","article_modified_time":"2023-08-24T20:10:55+00:00","og_image":[{"width":900,"height":506,"url":"https:\/\/armeniantrip.com\/wp-content\/uploads\/2016\/02\/Garni-english.jpg","type":"image\/jpeg"}],"twitter_card":"summary_large_image","twitter_site":"@armeniantrip","twitter_misc":{"Szacowany czas czytania":"1 minuta"},"schema":{"@context":"https:\/\/schema.org","@graph":[{"@type":"WebPage","@id":"https:\/\/armeniantrip.com\/pl\/wycieczki-do-armenii\/","url":"https:\/\/armeniantrip.com\/pl\/wycieczki-do-armenii\/","name":"Wycieczki do Armenii - Armenian Trip","isPartOf":{"@id":"https:\/\/armeniantrip.com\/#website"},"primaryImageOfPage":{"@id":"https:\/\/armeniantrip.com\/pl\/wycieczki-do-armenii\/#primaryimage"},"image":{"@id":"https:\/\/armeniantrip.com\/pl\/wycieczki-do-armenii\/#primaryimage"},"thumbnailUrl":"https:\/\/armeniantrip.com\/wp-content\/uploads\/2016\/02\/Garni-english.jpg","datePublished":"2016-02-16T16:35:19+00:00","dateModified":"2023-08-24T20:10:55+00:00","description":"Wycieczki do Armenii dadz\u0105 Ci mo\u017cliwo\u015b\u0107 zapoznania si\u0119 ze wszystkimi pi\u0119kno\u015bciami i atrakcjami tego kraju. Hotele, zwiedzanie i rozrywka.","breadcrumb":{"@id":"https:\/\/armeniantrip.com\/pl\/wycieczki-do-armenii\/#breadcrumb"},"inLanguage":"pl-PL","potentialAction":[{"@type":"ReadAction","target":["https:\/\/armeniantrip.com\/pl\/wycieczki-do-armenii\/"]}]},{"@type":"ImageObject","inLanguage":"pl-PL","@id":"https:\/\/armeniantrip.com\/pl\/wycieczki-do-armenii\/#primaryimage","url":"https:\/\/armeniantrip.com\/wp-content\/uploads\/2016\/02\/Garni-english.jpg","contentUrl":"https:\/\/armeniantrip.com\/wp-content\/uploads\/2016\/02\/Garni-english.jpg","width":900,"height":506,"caption":"Armenia travel packages"},{"@type":"BreadcrumbList","@id":"https:\/\/armeniantrip.com\/pl\/wycieczki-do-armenii\/#breadcrumb","itemListElement":[{"@type":"ListItem","position":1,"name":"Home","item":"https:\/\/armeniantrip.com\/pl\/"},{"@type":"ListItem","position":2,"name":"Wycieczki do Armenii"}]},{"@type":"WebSite","@id":"https:\/\/armeniantrip.com\/#website","url":"https:\/\/armeniantrip.com\/","name":"","description":"","potentialAction":[{"@type":"SearchAction","target":{"@type":"EntryPoint","urlTemplate":"https:\/\/armeniantrip.com\/?s={search_term_string}"},"query-input":{"@type":"PropertyValueSpecification","valueRequired":true,"valueName":"search_term_string"}}],"inLanguage":"pl-PL"}]}},"_links":{"self":[{"href":"https:\/\/armeniantrip.com\/pl\/wp-json\/wp\/v2\/pages\/18206","targetHints":{"allow":["GET"]}}],"collection":[{"href":"https:\/\/armeniantrip.com\/pl\/wp-json\/wp\/v2\/pages"}],"about":[{"href":"https:\/\/armeniantrip.com\/pl\/wp-json\/wp\/v2\/types\/page"}],"author":[{"embeddable":true,"href":"https:\/\/armeniantrip.com\/pl\/wp-json\/wp\/v2\/users\/2"}],"replies":[{"embeddable":true,"href":"https:\/\/armeniantrip.com\/pl\/wp-json\/wp\/v2\/comments?post=18206"}],"version-history":[{"count":3,"href":"https:\/\/armeniantrip.com\/pl\/wp-json\/wp\/v2\/pages\/18206\/revisions"}],"predecessor-version":[{"id":18327,"href":"https:\/\/armeniantrip.com\/pl\/wp-json\/wp\/v2\/pages\/18206\/revisions\/18327"}],"wp:featuredmedia":[{"embeddable":true,"href":"https:\/\/armeniantrip.com\/pl\/wp-json\/wp\/v2\/media\/18207"}],"wp:attachment":[{"href":"https:\/\/armeniantrip.com\/pl\/wp-json\/wp\/v2\/media?parent=18206"}],"curies":[{"name":"wp","href":"https:\/\/api.w.org\/{rel}","templated":true}]}}